{"id":318,"date":"2024-04-19T11:24:11","date_gmt":"2024-04-19T10:24:11","guid":{"rendered":"https:\/\/soltrans.cat\/?page_id=318"},"modified":"2024-04-19T11:25:47","modified_gmt":"2024-04-19T10:25:47","slug":"plan-de-recuperacion-transformacion-y-resiliencia-del-idae-y-del-ivace","status":"publish","type":"page","link":"https:\/\/soltrans.cat\/index.php\/plan-de-recuperacion-transformacion-y-resiliencia-del-idae-y-del-ivace\/","title":{"rendered":"Plan de Recuperaci\u00f3n, Transformaci\u00f3n y Resiliencia, del IDAE y del IVACE"},"content":{"rendered":"<p>Soltrans Generaci\u00f3n S.L. ha recibido una ayuda de 1.700\u20ac para un PROYECTO DE ADQUISICI\u00d3N DE VEH\u00cdCULOS EL\u00c9CTRICOS (MOVES III) de la Uni\u00f3n Europea con cargo al Fondo NextGenerationEU, en el marco del Plan de Recuperaci\u00f3n, Transformaci\u00f3n y Resiliencia, para la adquisici\u00f3n de veh\u00edculos el\u00e9ctricos \u00abenchufables\u00bb y de pila de combustible dentro del Programa de Incentivos a la movilidad eficiente y sostenible (Programa Moves III Veh\u00edculos Comunitat Valenciana) del Ministerio para la Transici\u00f3n Ecol\u00f3gica y el Reto Demogr\u00e1fico a trav\u00e9s del IADE, gestionado por el Instituto Valenciano de Competitividad Empresarial (IVACE).<\/p>\n\n\n<figure class=\"wp-block-image size-full\"><img loading=\"lazy\" decoding=\"async\" width=\"933\" height=\"254\" src=\"https:\/\/soltrans.cat\/wp-content\/uploads\/2024\/04\/ksnip_20240419-121943.png\" alt=\"\" class=\"wp-image-321\" srcset=\"https:\/\/soltrans.cat\/wp-content\/uploads\/2024\/04\/ksnip_20240419-121943.png 933w, https:\/\/soltrans.cat\/wp-content\/uploads\/2024\/04\/ksnip_20240419-121943-300x82.png 300w, https:\/\/soltrans.cat\/wp-content\/uploads\/2024\/04\/ksnip_20240419-121943-768x209.png 768w\" sizes=\"auto, (max-width: 933px) 100vw, 933px\" \/><\/figure>\n","protected":false},"excerpt":{"rendered":"<p>Soltrans Generaci\u00f3n S.L. ha recibido una ayuda de 1.700\u20ac para un PROYECTO DE ADQUISICI\u00d3N DE VEH\u00cdCULOS EL\u00c9CTRICOS (MOVES III) de [&hellip;]<\/p>\n","protected":false},"author":1,"featured_media":0,"parent":0,"menu_order":0,"comment_status":"closed","ping_status":"closed","template":"","meta":{"_monsterinsights_skip_tracking":false,"_monsterinsights_sitenote_active":false,"_monsterinsights_sitenote_note":"","_monsterinsights_sitenote_category":0,"site-sidebar-layout":"default","site-content-layout":"","ast-site-content-layout":"default","site-content-style":"default","site-sidebar-style":"default","ast-global-header-display":"","ast-banner-title-visibility":"","ast-main-header-display":"","ast-hfb-above-header-display":"","ast-hfb-below-header-display":"","ast-hfb-mobile-header-display":"","site-post-title":"","ast-breadcrumbs-content":"","ast-featured-img":"","footer-sml-layout":"","theme-transparent-header-meta":"","adv-header-id-meta":"","stick-header-meta":"","header-above-stick-meta":"","header-main-stick-meta":"","header-below-stick-meta":"","astra-migrate-meta-layouts":"default","ast-page-background-enabled":"default","ast-page-background-meta":{"desktop":{"background-color":"var(--ast-global-color-5)","background-image":"","background-repeat":"repeat","background-position":"center center","background-size":"auto","background-attachment":"scroll","background-type":"","background-media":"","overlay-type":"","overlay-color":"","overlay-opacity":"","overlay-gradient":""},"tablet":{"background-color":"","background-image":"","background-repeat":"repeat","background-position":"center center","background-size":"auto","background-attachment":"scroll","background-type":"","background-media":"","overlay-type":"","overlay-color":"","overlay-opacity":"","overlay-gradient":""},"mobile":{"background-color":"","background-image":"","background-repeat":"repeat","background-position":"center center","background-size":"auto","background-attachment":"scroll","background-type":"","background-media":"","overlay-type":"","overlay-color":"","overlay-opacity":"","overlay-gradient":""}},"ast-content-background-meta":{"desktop":{"background-color":"var(--ast-global-color-4)","background-image":"","background-repeat":"repeat","background-position":"center center","background-size":"auto","background-attachment":"scroll","background-type":"","background-media":"","overlay-type":"","overlay-color":"","overlay-opacity":"","overlay-gradient":""},"tablet":{"background-color":"var(--ast-global-color-4)","background-image":"","background-repeat":"repeat","background-position":"center center","background-size":"auto","background-attachment":"scroll","background-type":"","background-media":"","overlay-type":"","overlay-color":"","overlay-opacity":"","overlay-gradient":""},"mobile":{"background-color":"var(--ast-global-color-4)","background-image":"","background-repeat":"repeat","background-position":"center center","background-size":"auto","background-attachment":"scroll","background-type":"","background-media":"","overlay-type":"","overlay-color":"","overlay-opacity":"","overlay-gradient":""}},"footnotes":""},"class_list":["post-318","page","type-page","status-publish","hentry"],"aioseo_notices":[],"_links":{"self":[{"href":"https:\/\/soltrans.cat\/index.php\/wp-json\/wp\/v2\/pages\/318","targetHints":{"allow":["GET"]}}],"collection":[{"href":"https:\/\/soltrans.cat\/index.php\/wp-json\/wp\/v2\/pages"}],"about":[{"href":"https:\/\/soltrans.cat\/index.php\/wp-json\/wp\/v2\/types\/page"}],"author":[{"embeddable":true,"href":"https:\/\/soltrans.cat\/index.php\/wp-json\/wp\/v2\/users\/1"}],"replies":[{"embeddable":true,"href":"https:\/\/soltrans.cat\/index.php\/wp-json\/wp\/v2\/comments?post=318"}],"version-history":[{"count":3,"href":"https:\/\/soltrans.cat\/index.php\/wp-json\/wp\/v2\/pages\/318\/revisions"}],"predecessor-version":[{"id":323,"href":"https:\/\/soltrans.cat\/index.php\/wp-json\/wp\/v2\/pages\/318\/revisions\/323"}],"wp:attachment":[{"href":"https:\/\/soltrans.cat\/index.php\/wp-json\/wp\/v2\/media?parent=318"}],"curies":[{"name":"wp","href":"https:\/\/api.w.org\/{rel}","templated":true}]}}